{"id":40886,"date":"2024-02-21T06:36:22","date_gmt":"2024-02-21T03:36:22","guid":{"rendered":"https:\/\/beast.rent\/hinnad-2\/"},"modified":"2024-02-28T11:56:53","modified_gmt":"2024-02-28T08:56:53","slug":"hinnad","status":"publish","type":"page","link":"https:\/\/beast.rent\/et\/hinnad\/","title":{"rendered":"Hinnad"},"content":{"rendered":"\t\t<div data-elementor-type=\"wp-page\" data-elementor-id=\"40886\" class=\"elementor elementor-40886\" data-elementor-post-type=\"page\">\n\t\t\t\t\t\t<section data-particle_enable=\"false\" data-particle-mobile-disabled=\"false\" class=\"elementor-section elementor-top-section elementor-element elementor-element-2ef07ce4 elementor-section-stretched elementor-section-boxed elementor-section-height-default elementor-section-height-default\" data-id=\"2ef07ce4\" data-element_type=\"section\" data-settings=\"{&quot;stretch_section&quot;:&quot;section-stretched&quot;,&quot;shape_divider_bottom&quot;:&quot;arrow&quot;}\">\n\t\t\t\t\t<div class=\"elementor-shape elementor-shape-bottom\" aria-hidden=\"true\" data-negative=\"false\">\n\t\t\t<svg xmlns=\"http:\/\/www.w3.org\/2000\/svg\" viewBox=\"0 0 700 10\" preserveAspectRatio=\"none\">\n\t<path class=\"elementor-shape-fill\" d=\"M350,10L340,0h20L350,10z\"\/>\n<\/svg>\t\t<\/div>\n\t\t\t\t\t<div class=\"elementor-container elementor-column-gap-default\">\n\t\t\t\t\t<div class=\"elementor-column elementor-col-100 elementor-top-column elementor-element elementor-element-7ac9f78\" data-id=\"7ac9f78\" data-element_type=\"column\">\n\t\t\t<div class=\"elementor-widget-wrap elementor-element-populated\">\n\t\t\t\t\t\t<div class=\"elementor-element elementor-element-da13694 elementor-widget elementor-widget-rt-title\" data-id=\"da13694\" data-element_type=\"widget\" data-widget_type=\"rt-title.default\">\n\t\t\t\t<div class=\"elementor-widget-container\">\n\t\t\t\t\t<div class=\"section-default-style section-title-style4\">\n\t<div class=\"section-title-holder no-animation\">\t\n\t\t<div class=\"translate-bottom-50 opacity-animation transition-50 transition-delay-100\">\n\t\t\t\t\t\t<div class=\"sub-title\">Koge erakordseid reisielamusi \u00fcle Euroopa<\/div>\n\t\t\t\t\t<\/div>\n\t\t<div class=\"translate-bottom-50 opacity-animation transition-50 transition-delay-600\">\n\t\t\t<h2 class=\"rtin-title\">Rahvusvaheliselt \u00fchtlased hinnad<\/h2>\n\t\t<\/div>\n\t\t<div class=\"translate-bottom-50 opacity-animation transition-50 transition-delay-1100\">\n\t\t\t\t\t\t<p class=\"sub-text\">Tegutseme mitmes Euroopa riigis ja pakume t\u00f5eliselt esmaklassilist teenust \u00fchtse hinnastusega k\u00f5ikjal:<\/br>\n\u2192 Kaskokindlustus ja maanteeabi hinnas<\/br>\n\u2192 Piiri\u00fclesed tasud puuduvad<\/br>\n\u2192 Broneerimisel ei n\u00f5uta deposiiti<\/br>\n\u2192 Kiire ja usaldusv\u00e4\u00e4rne klienditugi<\/br>\n<\/p>\n\t\t\t\t\t<\/div>\n\t<\/div>\n<\/div>\t\t\t\t<\/div>\n\t\t\t\t<\/div>\n\t\t\t\t<div class=\"elementor-element elementor-element-b794536 elementor-widget elementor-widget-text-editor\" data-id=\"b794536\" data-element_type=\"widget\" data-widget_type=\"text-editor.default\">\n\t\t\t\t<div class=\"elementor-widget-container\">\n\t\t\t\t\t\t\t\t\t\n            <div \n                class=\"elfsight-widget-pricing-table elfsight-widget\" \n                data-elfsight-pricing-table-options=\"%7B%22layout%22%3A%22table%22%2C%22skin%22%3A%22skin1%22%2C%22mainColor%22%3A%22rgb%280%2C%200%2C%200%29%22%2C%22styleColumnBorderRadius%22%3Atrue%2C%22styleColumnBorderWidth%22%3Atrue%2C%22useHorizontalScroll%22%3Afalse%2C%22headTitle%22%3A%22Hinnakiri%22%2C%22headFeatures%22%3A%5B%7B%22text%22%3A%22ALUSTUSTASU%22%2C%22hint%22%3A%22Baastasu%20rendi%20alustamiseks.%20Sisaldab%2015%20minutit%20s%5Cu00f5idukini%20j%5Cu00f5udmiseks.%20Tasuta%20t%5Cu00fchistamine%20esimese%2015%20minuti%20jooksul.%22%7D%2C%7B%22text%22%3A%22MINUTIHIND%22%2C%22hint%22%3A%22Minutihind%20rakendub%20rendi%20alguses%20iga%20minuti%20kohta%20ning%20l%5Cu00f5ppeb%20p%5Cu00e4evahinna%20t%5Cu00e4itumisel.%22%7D%2C%7B%22text%22%3A%22P%5Cu00c4EVAHIND%22%2C%22hint%22%3A%22Maksimaalne%20hind%2024%20tunni%20eest.%20Kui%20j%5Cu00f5uate%20selle%20summani%2C%20ei%20lisandu%20rohkem%20minutitasu%20enne%2C%20kui%20on%20t%5Cu00e4itunud%2024%20tundi%20rendiaega.%26nbsp%3B%22%7D%2C%7B%22text%22%3A%223-P%5Cu00c4EVA%22%2C%22hint%22%3A%22Hind%203%20rendip%5Cu00e4eva%20eest%20%2872%20tundi%29.%22%7D%2C%7B%22text%22%3A%22N%5Cu00c4DAL%22%2C%22hint%22%3A%22Hind%207%20rendip%5Cu00e4eva%20eest%20%28168%20tundi%29.%22%7D%2C%7B%22text%22%3A%22ENERGIATASU%20P%5Cu00c4RAST%20100KM%20%5C%2FP%5Cu00c4EVAS%22%2C%22hint%22%3A%22Naudi%20esimest%20100%20km%20p%5Cu00e4evas%20meie%20kulul.%20100%20km%20t%5Cu00e4itumisel%20rakendub%20energiatarbimise%20tasu%20kilomeetri%20kohta.%20Laadige%20meie%20partnerite%20juures%20kasutades%20s%5Cu00f5iduki%20k%5Cu00e4etoes%20olevat%20kaarti%5C%2Fkiipi.%22%7D%2C%7B%22text%22%3A%22N%5Cu00d5UTUD%20DEPOSIIT%22%2C%22hint%22%3A%22Deposiit%20v%5Cu00f5etakse%20tagatisena%20ja%20tagastatakse%20p%5Cu00e4rast%20rendi%20l%5Cu00f5ppu.%26nbsp%3BDeposiite%20ei%20rakendata%20broneeringutele.%22%7D%2C%7B%22text%22%3A%22DEPOSIIT%20ALLA%2021-AASTASTE%20V%5Cu00d5I%20ALLA%201-AASTASE%20S%5Cu00d5IDUKOGEMUSEGA%20JUHTIDELE%22%2C%22hint%22%3A%22N%5Cu00f5utud%20deposiit%26nbsp%3Balla%2021-aastaste%20v%5Cu00f5i%20alla%201-aastase%20s%5Cu00f5idukogemusega%20juhtide%20puhul%26nbsp%3B%28juhiluba%20on%20kehtinud%20v%5Cu00e4hem%20kui%20aasta%29.P%5Cu00e4rast%203%20edukalt%20l%5Cu00e4bitud%20renti%20%28ilma%20rikkumiste%2C%20v%5Cu00f5lgnevusteta%2C%20jne%29%20deposiidin%5Cu00f5ude%20summa%20l%5Cu00e4htestatakse%20tavap%5Cu00e4rasele%20tasemele.%22%7D%5D%2C%22headTextColor%22%3A%22rgb%2823%2C%2025%2C%2026%29%22%2C%22headBackgroundColor%22%3A%22rgb%28247%2C%20247%2C%20247%29%22%2C%22toggleVisible%22%3Afalse%2C%22toggleItems%22%3A%5B%7B%22value%22%3A%22df3349d2-e75b-4720-83cf-06e430162090%22%2C%22name%22%3A%22DAILY%22%2C%22hint%22%3A%22Pricing%20for%20One%20Day%20Rental%20%2824H%29%22%7D%2C%7B%22value%22%3A%22634ecea1-be72-4186-a49e-fdbfae96afc3%22%2C%22name%22%3A%223-DAY%22%2C%22hint%22%3A%22Pricing%20for%20Three%20Day%20Rental%20%2872H%29%22%7D%2C%7B%22value%22%3A%22b0f575ce-cc9a-4e19-9532-a1e1e2de6bc6%22%2C%22name%22%3A%22WEEKLY%22%2C%22hint%22%3A%22Pricing%20for%20Weekly%20Rental%20%287%20Days%29%22%7D%2C%7B%22value%22%3A%22ea04780c-2b8a-4b74-a025-60896f307421%22%2C%22name%22%3A%22MONTHLY%22%2C%22hint%22%3A%22Pricing%20for%20Monthly%20Rental%20%2830%20Days%29%22%7D%5D%2C%22toggleDefaultItem%22%3A%22df3349d2-e75b-4720-83cf-06e430162090%22%2C%22toggleColor%22%3Anull%2C%22columns%22%3A%5B%7B%22isFeatured%22%3Afalse%2C%22title%22%3A%22Explorer%22%2C%22titleCaption%22%3A%22Model%203%20Standard%20Range%20%3Cbr%3E%20%20Model%203%20Long%20Range%20%22%2C%22features%22%3A%5B%7B%22text%22%3A%224.99%20%5Cu20ac%22%2C%22icon%22%3A%22none%22%2C%22hint%22%3A%22%22%7D%2C%7B%22text%22%3A%220.46%20%5Cu20ac%22%2C%22icon%22%3A%22none%22%2C%22hint%22%3A%22%22%7D%2C%7B%22text%22%3A%22%3Cfont%20size%3D%5C%22%2B1%5C%22%3E%3Cstrong%3E99.99%20%5Cu20ac%3C%5C%2Fstrong%3E%3C%5C%2Ffont%3E%22%2C%22icon%22%3A%22none%22%2C%22hint%22%3A%22%22%7D%2C%7B%22text%22%3A%22269.99%20%5Cu20ac%22%2C%22icon%22%3A%22none%22%2C%22hint%22%3A%22%22%7D%2C%7B%22text%22%3A%22599.99%20%5Cu20ac%22%2C%22icon%22%3A%22none%22%2C%22hint%22%3A%22%22%7D%2C%7B%22text%22%3A%220.12%20%5Cu20ac%20%5C%2F%20km%22%2C%22icon%22%3A%22none%22%2C%22hint%22%3A%22%22%7D%2C%7B%22text%22%3A%22100%20%5Cu20ac%22%2C%22icon%22%3A%22none%22%2C%22hint%22%3A%22%22%7D%2C%7B%22text%22%3A%22%3Cdiv%3E%3Cbr%3E%3C%5C%2Fdiv%3E300%20%5Cu20ac%22%2C%22icon%22%3A%22none%22%2C%22hint%22%3A%22%22%7D%5D%2C%22priceCurrency%22%3A%22USD%22%2C%22price%22%3A%2214.99%22%2C%22pricePostfix%22%3A%2230%20min%22%2C%22button%22%3A%22Download%20Beast%22%2C%22buttonLink%22%3A%22http%3A%5C%2F%5C%2Fonelink.to%5C%2F9vc35k%22%2C%22buttonCaption%22%3A%22No%20regrets%22%2C%22buttonFeatured%22%3Atrue%2C%22ribbonText%22%3A%22POPULAR%22%2C%22mainColor%22%3A%22rgb%280%2C%200%2C%200%29%22%2C%22priceOptions%22%3A%5B%7B%22price%22%3A%22129.99%22%2C%22pricePostfix%22%3A%22day%22%2C%22pricePrefix%22%3A%22%22%2C%22toggleOptionName%22%3A%22DAILY%22%2C%22toggleOptionId%22%3A%22df3349d2-e75b-4720-83cf-06e430162090%22%7D%2C%7B%22price%22%3A%22329.99%22%2C%22pricePostfix%22%3A%223%20days%22%2C%22pricePrefix%22%3A%22%22%2C%22toggleOptionName%22%3A%223-DAY%22%2C%22toggleOptionId%22%3A%22634ecea1-be72-4186-a49e-fdbfae96afc3%22%7D%2C%7B%22price%22%3A%22679.99%22%2C%22pricePostfix%22%3A%22week%22%2C%22pricePrefix%22%3A%22%22%2C%22toggleOptionName%22%3A%22WEEKLY%22%2C%22toggleOptionId%22%3A%22b0f575ce-cc9a-4e19-9532-a1e1e2de6bc6%22%7D%2C%7B%22price%22%3A%222599.99%22%2C%22pricePostfix%22%3A%22month%22%2C%22pricePrefix%22%3A%22%22%2C%22toggleOptionName%22%3A%22MONTHLY%22%2C%22toggleOptionId%22%3A%22ea04780c-2b8a-4b74-a025-60896f307421%22%7D%5D%2C%22buttonOptions%22%3A%5B%7B%22button%22%3A%22Pick%20One%20Today%22%2C%22buttonLink%22%3A%22https%3A%5C%2F%5C%2Fbeast.rent%5C%2Fexplore-vehicles%5C%2F%22%2C%22toggleOptionName%22%3A%22DAILY%22%2C%22toggleOptionId%22%3A%22df3349d2-e75b-4720-83cf-06e430162090%22%7D%2C%7B%22button%22%3A%22Pick%20One%20Today%22%2C%22buttonLink%22%3A%22https%3A%5C%2F%5C%2Fbeast.rent%5C%2Fexplore-vehicles%5C%2F%22%2C%22toggleOptionName%22%3A%223-DAY%22%2C%22toggleOptionId%22%3A%22634ecea1-be72-4186-a49e-fdbfae96afc3%22%7D%2C%7B%22button%22%3A%22Pick%20One%20Today%22%2C%22buttonLink%22%3A%22https%3A%5C%2F%5C%2Fbeast.rent%5C%2Fexplore-vehicles%5C%2F%22%2C%22toggleOptionName%22%3A%22WEEKLY%22%2C%22toggleOptionId%22%3A%22b0f575ce-cc9a-4e19-9532-a1e1e2de6bc6%22%7D%2C%7B%22button%22%3A%22Pick%20One%20Today%22%2C%22buttonLink%22%3A%22https%3A%5C%2F%5C%2Fbeast.rent%5C%2Fexplore-vehicles%5C%2F%22%2C%22toggleOptionName%22%3A%22MONTHLY%22%2C%22toggleOptionId%22%3A%22ea04780c-2b8a-4b74-a025-60896f307421%22%7D%5D%2C%22contentDivider%22%3Anull%2C%22pricePrefix%22%3A%22%22%2C%22priceCaption%22%3A%22%22%2C%22buttonTargetBlank%22%3Atrue%2C%22picture%22%3A%22https%3A%5C%2F%5C%2Fbeast.rent%5C%2Fwp-content%5C%2Fuploads%5C%2F2024%5C%2F10%5C%2Fm3lr_ewiw_main%402x-copy.jpg%22%2C%22ribbonBackgroundColor%22%3A%22%22%2C%22ribbonTextColor%22%3A%22%22%2C%22id%22%3A%22380afb01-f3cd-4c63-9dd1-9564a3dc3c7f%22%7D%2C%7B%22isFeatured%22%3Afalse%2C%22title%22%3A%22Executive%22%2C%22titleCaption%22%3A%22Model%203%20Performance%20%3Cbr%3E%20Model%20Y%20Long%20Range%20%3Cbr%3E%20Model%20S%20Standard%20Range%20%3Cbr%3E%20Model%20Y%20Standard%20Range%22%2C%22features%22%3A%5B%7B%22text%22%3A%224.99%20%5Cu20ac%22%2C%22icon%22%3A%22none%22%2C%22hint%22%3A%22%22%7D%2C%7B%22text%22%3A%220.52%20%5Cu20ac%22%2C%22icon%22%3A%22none%22%2C%22hint%22%3A%22%22%7D%2C%7B%22text%22%3A%22%3Cfont%20size%3D%5C%22%2B1%5C%22%3E%3Cstrong%3E124.99%20%5Cu20ac%3C%5C%2Fstrong%3E%3C%5C%2Ffont%3E%5Cn%22%2C%22icon%22%3A%22none%22%2C%22hint%22%3A%22%22%7D%2C%7B%22text%22%3A%22309.99%20%5Cu20ac%22%2C%22icon%22%3A%22none%22%2C%22hint%22%3A%22%22%7D%2C%7B%22text%22%3A%22739.99%20%5Cu20ac%22%2C%22icon%22%3A%22none%22%2C%22hint%22%3A%22%22%7D%2C%7B%22text%22%3A%220.14%20%5Cu20ac%20%5C%2F%20km%22%2C%22icon%22%3A%22none%22%2C%22hint%22%3A%22%22%7D%2C%7B%22text%22%3A%22200%20%5Cu20ac%26nbsp%3B%22%2C%22icon%22%3A%22none%22%2C%22hint%22%3A%22%22%7D%2C%7B%22text%22%3A%22%3Cdiv%3E%3Cbr%3E%3C%5C%2Fdiv%3E600%20%5Cu20ac%22%2C%22icon%22%3A%22none%22%2C%22hint%22%3A%22%22%7D%5D%2C%22priceCurrency%22%3A%22USD%22%2C%22price%22%3A%2219.99%22%2C%22pricePostfix%22%3A%2230%20min%22%2C%22button%22%3A%22Download%20Beast%22%2C%22buttonLink%22%3A%22http%3A%5C%2F%5C%2Fonelink.to%5C%2F9vc35k%22%2C%22buttonCaption%22%3A%22No%20regrets%22%2C%22buttonFeatured%22%3Atrue%2C%22ribbonText%22%3A%22POPULAR%22%2C%22mainColor%22%3A%22rgb%280%2C%200%2C%200%29%22%2C%22priceOptions%22%3A%5B%7B%22price%22%3A%22129.99%22%2C%22pricePostfix%22%3A%22day%22%2C%22pricePrefix%22%3A%22%22%2C%22toggleOptionName%22%3A%22DAILY%22%2C%22toggleOptionId%22%3A%22df3349d2-e75b-4720-83cf-06e430162090%22%7D%2C%7B%22price%22%3A%22329.99%22%2C%22pricePostfix%22%3A%223%20days%22%2C%22pricePrefix%22%3A%22%22%2C%22toggleOptionName%22%3A%223-DAY%22%2C%22toggleOptionId%22%3A%22634ecea1-be72-4186-a49e-fdbfae96afc3%22%7D%2C%7B%22price%22%3A%22679.99%22%2C%22pricePostfix%22%3A%22week%22%2C%22pricePrefix%22%3A%22%22%2C%22toggleOptionName%22%3A%22WEEKLY%22%2C%22toggleOptionId%22%3A%22b0f575ce-cc9a-4e19-9532-a1e1e2de6bc6%22%7D%2C%7B%22price%22%3A%222599.99%22%2C%22pricePostfix%22%3A%22month%22%2C%22pricePrefix%22%3A%22%22%2C%22toggleOptionName%22%3A%22MONTHLY%22%2C%22toggleOptionId%22%3A%22ea04780c-2b8a-4b74-a025-60896f307421%22%7D%5D%2C%22buttonOptions%22%3A%5B%7B%22button%22%3A%22Pick%20One%20Today%22%2C%22buttonLink%22%3A%22https%3A%5C%2F%5C%2Fbeast.rent%5C%2Fexplore-vehicles%5C%2F%22%2C%22toggleOptionName%22%3A%22DAILY%22%2C%22toggleOptionId%22%3A%22df3349d2-e75b-4720-83cf-06e430162090%22%7D%2C%7B%22button%22%3A%22Pick%20One%20Today%22%2C%22buttonLink%22%3A%22https%3A%5C%2F%5C%2Fbeast.rent%5C%2Fexplore-vehicles%5C%2F%22%2C%22toggleOptionName%22%3A%223-DAY%22%2C%22toggleOptionId%22%3A%22634ecea1-be72-4186-a49e-fdbfae96afc3%22%7D%2C%7B%22button%22%3A%22Pick%20One%20Today%22%2C%22buttonLink%22%3A%22https%3A%5C%2F%5C%2Fbeast.rent%5C%2Fexplore-vehicles%5C%2F%22%2C%22toggleOptionName%22%3A%22WEEKLY%22%2C%22toggleOptionId%22%3A%22b0f575ce-cc9a-4e19-9532-a1e1e2de6bc6%22%7D%2C%7B%22button%22%3A%22Pick%20One%20Today%22%2C%22buttonLink%22%3A%22https%3A%5C%2F%5C%2Fbeast.rent%5C%2Fexplore-vehicles%5C%2F%22%2C%22toggleOptionName%22%3A%22MONTHLY%22%2C%22toggleOptionId%22%3A%22ea04780c-2b8a-4b74-a025-60896f307421%22%7D%5D%2C%22contentDivider%22%3Anull%2C%22pricePrefix%22%3A%22%22%2C%22priceCaption%22%3A%22%22%2C%22buttonTargetBlank%22%3Atrue%2C%22picture%22%3A%22https%3A%5C%2F%5C%2Fbeast.rent%5C%2Fwp-content%5C%2Fuploads%5C%2F2022%5C%2F08%5C%2Fbeast_m3p_ems_iw_21.jpg%22%2C%22ribbonBackgroundColor%22%3A%22%22%2C%22ribbonTextColor%22%3A%22%22%7D%2C%7B%22isFeatured%22%3Afalse%2C%22title%22%3A%22Elite%22%2C%22titleCaption%22%3A%22Model%20Y%20Performance%20%3Cbr%3E%20Model%20S%20Long%20Range%22%2C%22features%22%3A%5B%7B%22text%22%3A%224.99%20%5Cu20ac%22%2C%22icon%22%3A%22none%22%2C%22hint%22%3A%22%22%7D%2C%7B%22text%22%3A%220.62%20%5Cu20ac%22%2C%22icon%22%3A%22none%22%2C%22hint%22%3A%22%22%7D%2C%7B%22text%22%3A%22%3Cfont%20size%3D%5C%22%2B1%5C%22%3E%3Cstrong%3E139.99%20%5Cu20ac%3C%5C%2Fstrong%3E%3C%5C%2Ffont%3E%5Cn%22%2C%22icon%22%3A%22none%22%2C%22hint%22%3A%22%22%7D%2C%7B%22text%22%3A%22389.99%20%5Cu20ac%22%2C%22icon%22%3A%22none%22%2C%22hint%22%3A%22%22%7D%2C%7B%22text%22%3A%22789.99%20%5Cu20ac%22%2C%22icon%22%3A%22none%22%2C%22hint%22%3A%22%22%7D%2C%7B%22text%22%3A%220.17%20%5Cu20ac%20%5C%2F%20km%22%2C%22icon%22%3A%22none%22%2C%22hint%22%3A%22%22%7D%2C%7B%22text%22%3A%22200%20%5Cu20ac%26nbsp%3B%22%2C%22icon%22%3A%22none%22%2C%22hint%22%3A%22%22%7D%2C%7B%22text%22%3A%22%3Cdiv%3E%3Cbr%3E%3C%5C%2Fdiv%3E600%20%5Cu20ac%22%2C%22icon%22%3A%22none%22%2C%22hint%22%3A%22%22%7D%5D%2C%22priceCurrency%22%3A%22USD%22%2C%22price%22%3A%2219.99%22%2C%22pricePostfix%22%3A%2230%20min%22%2C%22button%22%3A%22Download%20Beast%22%2C%22buttonLink%22%3A%22http%3A%5C%2F%5C%2Fonelink.to%5C%2F9vc35k%22%2C%22buttonCaption%22%3A%22No%20regrets%22%2C%22buttonFeatured%22%3Atrue%2C%22ribbonText%22%3A%22POPULAARNE%22%2C%22mainColor%22%3A%22rgb%280%2C%200%2C%200%29%22%2C%22priceOptions%22%3A%5B%7B%22price%22%3A%22129.99%22%2C%22pricePostfix%22%3A%22day%22%2C%22pricePrefix%22%3A%22%22%2C%22toggleOptionName%22%3A%22DAILY%22%2C%22toggleOptionId%22%3A%22df3349d2-e75b-4720-83cf-06e430162090%22%7D%2C%7B%22price%22%3A%22329.99%22%2C%22pricePostfix%22%3A%223%20days%22%2C%22pricePrefix%22%3A%22%22%2C%22toggleOptionName%22%3A%223-DAY%22%2C%22toggleOptionId%22%3A%22634ecea1-be72-4186-a49e-fdbfae96afc3%22%7D%2C%7B%22price%22%3A%22679.99%22%2C%22pricePostfix%22%3A%22week%22%2C%22pricePrefix%22%3A%22%22%2C%22toggleOptionName%22%3A%22WEEKLY%22%2C%22toggleOptionId%22%3A%22b0f575ce-cc9a-4e19-9532-a1e1e2de6bc6%22%7D%2C%7B%22price%22%3A%222599.99%22%2C%22pricePostfix%22%3A%22month%22%2C%22pricePrefix%22%3A%22%22%2C%22toggleOptionName%22%3A%22MONTHLY%22%2C%22toggleOptionId%22%3A%22ea04780c-2b8a-4b74-a025-60896f307421%22%7D%5D%2C%22buttonOptions%22%3A%5B%7B%22button%22%3A%22Pick%20One%20Today%22%2C%22buttonLink%22%3A%22https%3A%5C%2F%5C%2Fbeast.rent%5C%2Fexplore-vehicles%5C%2F%22%2C%22toggleOptionName%22%3A%22DAILY%22%2C%22toggleOptionId%22%3A%22df3349d2-e75b-4720-83cf-06e430162090%22%7D%2C%7B%22button%22%3A%22Pick%20One%20Today%22%2C%22buttonLink%22%3A%22https%3A%5C%2F%5C%2Fbeast.rent%5C%2Fexplore-vehicles%5C%2F%22%2C%22toggleOptionName%22%3A%223-DAY%22%2C%22toggleOptionId%22%3A%22634ecea1-be72-4186-a49e-fdbfae96afc3%22%7D%2C%7B%22button%22%3A%22Pick%20One%20Today%22%2C%22buttonLink%22%3A%22https%3A%5C%2F%5C%2Fbeast.rent%5C%2Fexplore-vehicles%5C%2F%22%2C%22toggleOptionName%22%3A%22WEEKLY%22%2C%22toggleOptionId%22%3A%22b0f575ce-cc9a-4e19-9532-a1e1e2de6bc6%22%7D%2C%7B%22button%22%3A%22Pick%20One%20Today%22%2C%22buttonLink%22%3A%22https%3A%5C%2F%5C%2Fbeast.rent%5C%2Fexplore-vehicles%5C%2F%22%2C%22toggleOptionName%22%3A%22MONTHLY%22%2C%22toggleOptionId%22%3A%22ea04780c-2b8a-4b74-a025-60896f307421%22%7D%5D%2C%22contentDivider%22%3Anull%2C%22pricePrefix%22%3A%22%22%2C%22priceCaption%22%3A%22%22%2C%22buttonTargetBlank%22%3Atrue%2C%22picture%22%3A%22https%3A%5C%2F%5C%2Fbeast.rent%5C%2Fwp-content%5C%2Fuploads%5C%2F2024%5C%2F10%5C%2Fmyp_bb_main%402x.jpg%22%2C%22ribbonBackgroundColor%22%3A%22%22%2C%22ribbonTextColor%22%3A%22%22%2C%22id%22%3A%22dbe7c000-70e5-47d7-aa46-cdb437423629%22%7D%2C%7B%22isFeatured%22%3Atrue%2C%22title%22%3A%22Epic%22%2C%22titleCaption%22%3A%22Model%203%20Standard%20Highland%20%3Cbr%3E%20%20Model%203%20Long%20Range%20Highland%22%2C%22features%22%3A%5B%7B%22text%22%3A%224.99%20%5Cu20ac%22%2C%22icon%22%3A%22none%22%2C%22hint%22%3A%22%22%7D%2C%7B%22text%22%3A%220.54%20%5Cu20ac%22%2C%22icon%22%3A%22none%22%2C%22hint%22%3A%22%22%7D%2C%7B%22text%22%3A%22%3Cfont%20size%3D%5C%22%2B1%5C%22%3E%3Cstrong%3E139.99%20%5Cu20ac%3C%5C%2Fstrong%3E%3C%5C%2Ffont%3E%5Cn%22%2C%22icon%22%3A%22none%22%2C%22hint%22%3A%22%22%7D%2C%7B%22text%22%3A%22389.99%20%5Cu20ac%3Cbr%3E%22%2C%22icon%22%3A%22none%22%2C%22hint%22%3A%22%22%7D%2C%7B%22text%22%3A%22789.99%20%5Cu20ac%22%2C%22icon%22%3A%22none%22%2C%22hint%22%3A%22%22%7D%2C%7B%22text%22%3A%220.12%20%5Cu20ac%20%5C%2F%20km%22%2C%22icon%22%3A%22none%22%2C%22hint%22%3A%22%22%7D%2C%7B%22text%22%3A%22100%20%5Cu20ac%26nbsp%3B%22%2C%22icon%22%3A%22none%22%2C%22hint%22%3A%22%22%7D%2C%7B%22text%22%3A%22%3Cdiv%3E%3Cbr%3E%3C%5C%2Fdiv%3E300%20%5Cu20ac%22%2C%22icon%22%3A%22none%22%2C%22hint%22%3A%22%22%7D%5D%2C%22priceCurrency%22%3A%22USD%22%2C%22price%22%3A%2224.99%22%2C%22pricePostfix%22%3A%2230%20min%22%2C%22button%22%3A%22Download%20Beast%22%2C%22buttonLink%22%3A%22http%3A%5C%2F%5C%2Fonelink.to%5C%2F9vc35k%22%2C%22buttonCaption%22%3A%22No%20regrets%22%2C%22buttonFeatured%22%3Atrue%2C%22ribbonText%22%3A%22POPULAR%22%2C%22mainColor%22%3A%22rgb%280%2C%200%2C%200%29%22%2C%22priceOptions%22%3A%5B%7B%22price%22%3A%22129.99%22%2C%22pricePostfix%22%3A%22day%22%2C%22pricePrefix%22%3A%22%22%2C%22toggleOptionName%22%3A%22DAILY%22%2C%22toggleOptionId%22%3A%22df3349d2-e75b-4720-83cf-06e430162090%22%7D%2C%7B%22price%22%3A%22329.99%22%2C%22pricePostfix%22%3A%223%20days%22%2C%22pricePrefix%22%3A%22%22%2C%22toggleOptionName%22%3A%223-DAY%22%2C%22toggleOptionId%22%3A%22634ecea1-be72-4186-a49e-fdbfae96afc3%22%7D%2C%7B%22price%22%3A%22679.99%22%2C%22pricePostfix%22%3A%22week%22%2C%22pricePrefix%22%3A%22%22%2C%22toggleOptionName%22%3A%22WEEKLY%22%2C%22toggleOptionId%22%3A%22b0f575ce-cc9a-4e19-9532-a1e1e2de6bc6%22%7D%2C%7B%22price%22%3A%222599.99%22%2C%22pricePostfix%22%3A%22month%22%2C%22pricePrefix%22%3A%22%22%2C%22toggleOptionName%22%3A%22MONTHLY%22%2C%22toggleOptionId%22%3A%22ea04780c-2b8a-4b74-a025-60896f307421%22%7D%5D%2C%22buttonOptions%22%3A%5B%7B%22button%22%3A%22Pick%20One%20Today%22%2C%22buttonLink%22%3A%22https%3A%5C%2F%5C%2Fbeast.rent%5C%2Fexplore-vehicles%5C%2F%22%2C%22toggleOptionName%22%3A%22DAILY%22%2C%22toggleOptionId%22%3A%22df3349d2-e75b-4720-83cf-06e430162090%22%7D%2C%7B%22button%22%3A%22Pick%20One%20Today%22%2C%22buttonLink%22%3A%22https%3A%5C%2F%5C%2Fbeast.rent%5C%2Fexplore-vehicles%5C%2F%22%2C%22toggleOptionName%22%3A%223-DAY%22%2C%22toggleOptionId%22%3A%22634ecea1-be72-4186-a49e-fdbfae96afc3%22%7D%2C%7B%22button%22%3A%22Pick%20One%20Today%22%2C%22buttonLink%22%3A%22https%3A%5C%2F%5C%2Fbeast.rent%5C%2Fexplore-vehicles%5C%2F%22%2C%22toggleOptionName%22%3A%22WEEKLY%22%2C%22toggleOptionId%22%3A%22b0f575ce-cc9a-4e19-9532-a1e1e2de6bc6%22%7D%2C%7B%22button%22%3A%22Pick%20One%20Today%22%2C%22buttonLink%22%3A%22https%3A%5C%2F%5C%2Fbeast.rent%5C%2Fexplore-vehicles%5C%2F%22%2C%22toggleOptionName%22%3A%22MONTHLY%22%2C%22toggleOptionId%22%3A%22ea04780c-2b8a-4b74-a025-60896f307421%22%7D%5D%2C%22contentDivider%22%3Anull%2C%22pricePrefix%22%3A%22%22%2C%22priceCaption%22%3A%22%22%2C%22buttonTargetBlank%22%3Atrue%2C%22picture%22%3A%22https%3A%5C%2F%5C%2Fbeast.rent%5C%2Fwp-content%5C%2Fuploads%5C%2F2025%5C%2F01%5C%2Fm3highland.png%22%2C%22ribbonBackgroundColor%22%3A%22%22%2C%22ribbonTextColor%22%3A%22%22%2C%22id%22%3A%229f1e8ede-86fc-48d1-8d48-ea97de172fc1%22%7D%5D%2C%22elements%22%3A%5B%7B%22complexGroup%22%3A%22title%22%2C%22name%22%3A%22Title%22%2C%22titleEnable%22%3Atrue%2C%22titleCaptionColor%22%3A%22%22%2C%22titleTextColor%22%3A%22%22%2C%22titleFontSize%22%3A21%2C%22titleFontWeight%22%3A600%7D%2C%7B%22complexGroup%22%3A%22features%22%2C%22name%22%3A%22Features%22%2C%22featuresEnable%22%3Atrue%2C%22featuresStyle%22%3A%22divided%22%2C%22featuresIconColor%22%3A%22%22%2C%22featuresTextColor%22%3A%22%22%2C%22featuresAlign%22%3A%22center%22%2C%22featuresFontSize%22%3A13%7D%2C%7B%22complexGroup%22%3A%22price%22%2C%22name%22%3A%22Price%22%2C%22priceEnable%22%3Afalse%2C%22priceCaptionColor%22%3A%22%22%2C%22priceTextColor%22%3A%22%22%2C%22priceFontSize%22%3A32%2C%22priceFontWeight%22%3A600%7D%2C%7B%22complexGroup%22%3A%22button%22%2C%22name%22%3A%22Button%22%2C%22buttonEnable%22%3Afalse%2C%22buttonType%22%3A%22outline%22%2C%22buttonColor%22%3A%22%22%2C%22buttonTextColor%22%3A%22%22%2C%22buttonSize%22%3A%22medium%22%2C%22buttonCaptionColor%22%3A%22%22%7D%2C%7B%22complexGroup%22%3A%22picture%22%2C%22name%22%3A%22Picture%22%2C%22pictureEnable%22%3Atrue%7D%5D%2C%22widgetId%22%3A%22141%22%7D\" \n                data-elfsight-pricing-table-version=\"2.6.1\"\n                data-elfsight-widget-id=\"elfsight-pricing-table-141\">\n            <\/div>\n            \t\t\t\t\t\t\t\t<\/div>\n\t\t\t\t<\/div>\n\t\t\t\t<div class=\"elementor-element elementor-element-6c1952f elementor-widget elementor-widget-spacer\" data-id=\"6c1952f\" data-element_type=\"widget\" data-widget_type=\"spacer.default\">\n\t\t\t\t<div class=\"elementor-widget-container\">\n\t\t\t\t\t\t\t<div class=\"elementor-spacer\">\n\t\t\t<div class=\"elementor-spacer-inner\"><\/div>\n\t\t<\/div>\n\t\t\t\t\t\t<\/div>\n\t\t\t\t<\/div>\n\t\t\t\t<div class=\"elementor-element elementor-element-d94205b elementor-cta--skin-cover elementor-animated-content elementor-bg-transform elementor-bg-transform-zoom-in elementor-widget elementor-widget-call-to-action\" data-id=\"d94205b\" data-element_type=\"widget\" data-widget_type=\"call-to-action.default\">\n\t\t\t\t<div class=\"elementor-widget-container\">\n\t\t\t\t\t\t\t<a class=\"elementor-cta\" href=\"https:\/\/beast.rent\/et\/beast\/\">\n\t\t\t\t\t<div class=\"elementor-cta__bg-wrapper\">\n\t\t\t\t<div class=\"elementor-cta__bg elementor-bg\" style=\"background-image: url(https:\/\/beast.rent\/wp-content\/uploads\/2023\/08\/ICELAND-228-scaled.jpg);\" role=\"img\" aria-label=\"ICELAND-228\"><\/div>\n\t\t\t\t<div class=\"elementor-cta__bg-overlay\"><\/div>\n\t\t\t<\/div>\n\t\t\t\t\t\t\t<div class=\"elementor-cta__content\">\n\t\t\t\t\n\t\t\t\t\t\t\t\t\t<h2 class=\"elementor-cta__title elementor-cta__content-item elementor-content-item elementor-animated-item--grow\">\n\t\t\t\t\t\tSoovid rentida Tesla pikemaks?\t\t\t\t\t<\/h2>\n\t\t\t\t\n\t\t\t\t\t\t\t\t\t<div class=\"elementor-cta__description elementor-cta__content-item elementor-content-item elementor-animated-item--grow\">\n\t\t\t\t\t\t<p>S\u00f5ida Teslaga n\u00e4dal, kuu, 6 kuud, v\u00f5i isegi aasta jutti.<\/p>\n\t\t\t\t\t<\/div>\n\t\t\t\t\n\t\t\t\t\t\t\t\t\t<div class=\"elementor-cta__button-wrapper elementor-cta__content-item elementor-content-item elementor-animated-item--grow\">\n\t\t\t\t\t<span class=\"elementor-cta__button elementor-button elementor-size-\">\n\t\t\t\t\t\tLoe lisa Beast+ kohta\t\t\t\t\t<\/span>\n\t\t\t\t\t<\/div>\n\t\t\t\t\t\t\t<\/div>\n\t\t\t\t\t\t<\/a>\n\t\t\t\t\t\t<\/div>\n\t\t\t\t<\/div>\n\t\t\t\t\t<\/div>\n\t\t<\/div>\n\t\t\t\t\t<\/div>\n\t\t<\/section>\n\t\t\t\t<\/div>\n\t\t","protected":false},"excerpt":{"rendered":"<p>Koge erakordseid reisielamusi \u00fcle Euroopa Rahvusvaheliselt \u00fchtlased hinnad Tegutseme mitmes Euroopa riigis ja pakume t\u00f5eliselt esmaklassilist teenust \u00fchtse hinnastusega k\u00f5ikjal: \u2192 Kaskokindlustus ja maanteeabi hinnas \u2192 Piiri\u00fclesed tasud puuduvad \u2192 Broneerimisel ei n\u00f5uta deposiiti \u2192 Kiire ja usaldusv\u00e4\u00e4rne klienditugi Soovid rentida Tesla pikemaks? S\u00f5ida Teslaga n\u00e4dal, kuu, 6 kuud, v\u00f5i isegi aasta jutti. Loe lisa [&hellip;]<\/p>\n","protected":false},"author":172,"featured_media":0,"parent":0,"menu_order":143,"comment_status":"closed","ping_status":"closed","template":"","meta":{"footnotes":""},"class_list":["post-40886","page","type-page","status-publish","hentry"],"aioseo_notices":[],"_links":{"self":[{"href":"https:\/\/beast.rent\/et\/wp-json\/wp\/v2\/pages\/40886","targetHints":{"allow":["GET"]}}],"collection":[{"href":"https:\/\/beast.rent\/et\/wp-json\/wp\/v2\/pages"}],"about":[{"href":"https:\/\/beast.rent\/et\/wp-json\/wp\/v2\/types\/page"}],"author":[{"embeddable":true,"href":"https:\/\/beast.rent\/et\/wp-json\/wp\/v2\/users\/172"}],"replies":[{"embeddable":true,"href":"https:\/\/beast.rent\/et\/wp-json\/wp\/v2\/comments?post=40886"}],"version-history":[{"count":16,"href":"https:\/\/beast.rent\/et\/wp-json\/wp\/v2\/pages\/40886\/revisions"}],"predecessor-version":[{"id":41801,"href":"https:\/\/beast.rent\/et\/wp-json\/wp\/v2\/pages\/40886\/revisions\/41801"}],"wp:attachment":[{"href":"https:\/\/beast.rent\/et\/wp-json\/wp\/v2\/media?parent=40886"}],"curies":[{"name":"wp","href":"https:\/\/api.w.org\/{rel}","templated":true}]}}