{"id":21560,"date":"2022-05-12T22:31:07","date_gmt":"2022-05-12T19:31:07","guid":{"rendered":"https:\/\/beast.rent\/?page_id=21560"},"modified":"2024-02-22T08:49:06","modified_gmt":"2024-02-22T05:49:06","slug":"romusoidukite-utiliseerimine","status":"publish","type":"page","link":"https:\/\/beast.rent\/et\/romusoidukite-utiliseerimine\/","title":{"rendered":"Romus\u00f5idukite utiliseerimine"},"content":{"rendered":"\t\t<div data-elementor-type=\"wp-page\" data-elementor-id=\"21560\" class=\"elementor elementor-21560\" data-elementor-post-type=\"page\">\n\t\t\t\t\t\t<section data-particle_enable=\"false\" data-particle-mobile-disabled=\"false\" class=\"elementor-section elementor-top-section elementor-element elementor-element-1fdac48 elementor-section-boxed elementor-section-height-default elementor-section-height-default\" data-id=\"1fdac48\" data-element_type=\"section\">\n\t\t\t\t\t\t<div class=\"elementor-container elementor-column-gap-default\">\n\t\t\t\t\t<div class=\"elementor-column elementor-col-100 elementor-top-column elementor-element elementor-element-60f7b43\" data-id=\"60f7b43\" data-element_type=\"column\">\n\t\t\t<div class=\"elementor-widget-wrap elementor-element-populated\">\n\t\t\t\t\t\t<div class=\"elementor-element elementor-element-60561f6 elementor-widget elementor-widget-heading\" data-id=\"60561f6\" data-element_type=\"widget\" data-widget_type=\"heading.default\">\n\t\t\t\t<div class=\"elementor-widget-container\">\n\t\t\t\t\t<h2 class=\"elementor-heading-title elementor-size-default\">Romus\u00f5idukite utiliseerimine<\/h2>\t\t\t\t<\/div>\n\t\t\t\t<\/div>\n\t\t\t\t<div class=\"elementor-element elementor-element-2ec3b1a elementor-widget elementor-widget-spacer\" data-id=\"2ec3b1a\" data-element_type=\"widget\" data-widget_type=\"spacer.default\">\n\t\t\t\t<div class=\"elementor-widget-container\">\n\t\t\t\t\t\t\t<div class=\"elementor-spacer\">\n\t\t\t<div class=\"elementor-spacer-inner\"><\/div>\n\t\t<\/div>\n\t\t\t\t\t\t<\/div>\n\t\t\t\t<\/div>\n\t\t\t\t<div class=\"elementor-element elementor-element-90b66bd elementor-widget elementor-widget-text-editor\" data-id=\"90b66bd\" data-element_type=\"widget\" data-widget_type=\"text-editor.default\">\n\t\t\t\t<div class=\"elementor-widget-container\">\n\t\t\t\t\t\t\t\t\t<p><span style=\"color: #333333;\"><b>Beast<\/b> on v\u00f5tnud omale maksimaalse kohustuse, et k\u00e4sitleda k\u00f5iki keskkonda puudutavaid k\u00fcsimusi k\u00f5rge vastutustundega. <\/span><\/p><p><span style=\"color: #333333;\">Sellest tulenevalt on oluline ka romus\u00f5idukite, ehk enda aja \u00e4ra elanud neljarattaliste kaaslatega, \u00fcmber k\u00e4ia hoole ja parimaid praktikaid arvestavate protsessidega. <\/span><span style=\"color: #333333;\">Moodsate tehnoloogiate ja t\u00e4nap\u00e4evaste materjalide kasutuselev\u00f5tuga on s\u00f5iduki valmistaja viinud keskkonnale tekkiva ohu miinimumini, mis t\u00e4hendab seda, et <strong>enamus kaasaegse autode juurest kasutatavaid materjale on korduvkasutatavad, keskkonnas\u00f5bralikud ja ringlusseev\u00f5etavad<\/strong>.<br \/><br \/><strong>Romus\u00f5iduk<\/strong>iks muutunud s\u00f5iduk on ohtlik j\u00e4\u00e4de, mida <strong>tohib k\u00e4idelda ainult ohtlike j\u00e4\u00e4tmetete k\u00e4itlemise \u00f5igust omav ettev\u00f5tja<\/strong>. Romus\u00f5iduki omaalgatuslik lammutamine v\u00f5i selle \u00fcleandmine kolmandale isikule, kes ei oma ohtlike j\u00e4\u00e4tmete k\u00e4itlemise \u00f5igust on seadusega keelatud ja karistatav tegevus.<\/span><\/p><p><span style=\"color: #333333;\"><strong> Romus\u00f5idukiks muutunud s\u00f5iduk tuleb toimetada l\u00e4himasse j\u00e4\u00e4tmeluba omavasse lammutuskotta v\u00f5i toimetada see sama marki s\u00f5idukit m\u00fc\u00fcvasse ettev\u00f5ttesse<\/strong>. <\/span><\/p><p><span style=\"color: #333333;\">J\u00e4\u00e4tmeluba omavate ettev\u00f5tete nimekiri on n\u00e4htav <span style=\"color: #00ccff;\"><a style=\"color: #00ccff;\" href=\"http:\/\/www.elv.ee\">Autolammutuse Liidu kodulehelt<\/a><\/span>. <\/span><\/p><blockquote><p><span style=\"color: #333333;\">Viies romus\u00f5iduki tagasi sama marki m\u00fc\u00fcvale autoesindusele v\u00f5i j\u00e4\u00e4tmeluba omavale ettev\u00f5ttele saab iga s\u00f5idukiomanik kaasa aidata meie energiaressursside m\u00f5istlikule kasutamisele ja normaalse ning puhtama elukeskkonna s\u00e4ilimisele.<\/span><\/p><\/blockquote>\t\t\t\t\t\t\t\t<\/div>\n\t\t\t\t<\/div>\n\t\t\t\t\t<\/div>\n\t\t<\/div>\n\t\t\t\t\t<\/div>\n\t\t<\/section>\n\t\t\t\t<\/div>\n\t\t","protected":false},"excerpt":{"rendered":"<p>Romus\u00f5idukite utiliseerimine Beast on v\u00f5tnud omale maksimaalse kohustuse, et k\u00e4sitleda k\u00f5iki keskkonda puudutavaid k\u00fcsimusi k\u00f5rge vastutustundega. Sellest tulenevalt on oluline ka romus\u00f5idukite, ehk enda aja \u00e4ra elanud neljarattaliste kaaslatega, \u00fcmber k\u00e4ia hoole ja parimaid praktikaid arvestavate protsessidega. Moodsate tehnoloogiate ja t\u00e4nap\u00e4evaste materjalide kasutuselev\u00f5tuga on s\u00f5iduki valmistaja viinud keskkonnale tekkiva ohu miinimumini, mis t\u00e4hendab seda, et [&hellip;]<\/p>\n","protected":false},"author":172,"featured_media":0,"parent":0,"menu_order":81,"comment_status":"closed","ping_status":"closed","template":"","meta":{"footnotes":""},"class_list":["post-21560","page","type-page","status-publish","hentry"],"aioseo_notices":[],"_links":{"self":[{"href":"https:\/\/beast.rent\/et\/wp-json\/wp\/v2\/pages\/21560","targetHints":{"allow":["GET"]}}],"collection":[{"href":"https:\/\/beast.rent\/et\/wp-json\/wp\/v2\/pages"}],"about":[{"href":"https:\/\/beast.rent\/et\/wp-json\/wp\/v2\/types\/page"}],"author":[{"embeddable":true,"href":"https:\/\/beast.rent\/et\/wp-json\/wp\/v2\/users\/172"}],"replies":[{"embeddable":true,"href":"https:\/\/beast.rent\/et\/wp-json\/wp\/v2\/comments?post=21560"}],"version-history":[{"count":10,"href":"https:\/\/beast.rent\/et\/wp-json\/wp\/v2\/pages\/21560\/revisions"}],"predecessor-version":[{"id":21571,"href":"https:\/\/beast.rent\/et\/wp-json\/wp\/v2\/pages\/21560\/revisions\/21571"}],"wp:attachment":[{"href":"https:\/\/beast.rent\/et\/wp-json\/wp\/v2\/media?parent=21560"}],"curies":[{"name":"wp","href":"https:\/\/api.w.org\/{rel}","templated":true}]}}