{"id":15617,"date":"2021-04-15T19:31:22","date_gmt":"2021-04-15T16:31:22","guid":{"rendered":"https:\/\/dev.beast.rent\/?page_id=15617"},"modified":"2024-02-22T08:49:06","modified_gmt":"2024-02-22T05:49:06","slug":"broneeri","status":"publish","type":"page","link":"https:\/\/beast.rent\/et\/broneeri\/","title":{"rendered":"Broneeri"},"content":{"rendered":"\t\t<div data-elementor-type=\"wp-page\" data-elementor-id=\"15617\" class=\"elementor elementor-15617\" data-elementor-post-type=\"page\">\n\t\t\t\t\t\t<section data-particle_enable=\"false\" data-particle-mobile-disabled=\"false\" class=\"elementor-section elementor-top-section elementor-element elementor-element-7fdb15f7 elementor-section-boxed elementor-section-height-default elementor-section-height-default\" data-id=\"7fdb15f7\" data-element_type=\"section\">\n\t\t\t\t\t\t<div class=\"elementor-container elementor-column-gap-default\">\n\t\t\t\t\t<div class=\"elementor-column elementor-col-100 elementor-top-column elementor-element elementor-element-4ab0a3d3\" data-id=\"4ab0a3d3\" data-element_type=\"column\">\n\t\t\t<div class=\"elementor-widget-wrap elementor-element-populated\">\n\t\t\t\t\t\t<div class=\"elementor-element elementor-element-7f106cd9 elementor-headline--style-highlight elementor-widget elementor-widget-animated-headline\" data-id=\"7f106cd9\" data-element_type=\"widget\" data-settings=\"{&quot;marker&quot;:&quot;double_underline&quot;,&quot;highlighted_text&quot;:&quot;hilisemaks&quot;,&quot;headline_style&quot;:&quot;highlight&quot;,&quot;loop&quot;:&quot;yes&quot;,&quot;highlight_animation_duration&quot;:1200,&quot;highlight_iteration_delay&quot;:8000}\" data-widget_type=\"animated-headline.default\">\n\t\t\t\t<div class=\"elementor-widget-container\">\n\t\t\t\t\t\t\t<h3 class=\"elementor-headline\">\n\t\t\t\t\t<span class=\"elementor-headline-plain-text elementor-headline-text-wrapper\">Broneeri<\/span>\n\t\t\t\t<span class=\"elementor-headline-dynamic-wrapper elementor-headline-text-wrapper\">\n\t\t\t\t\t<span class=\"elementor-headline-dynamic-text elementor-headline-text-active\">hilisemaks<\/span>\n\t\t\t\t<\/span>\n\t\t\t\t<\/h3>\n\t\t\t\t\t\t<\/div>\n\t\t\t\t<\/div>\n\t\t\t\t<div class=\"elementor-element elementor-element-05963dc elementor-widget elementor-widget-spacer\" data-id=\"05963dc\" data-element_type=\"widget\" data-widget_type=\"spacer.default\">\n\t\t\t\t<div class=\"elementor-widget-container\">\n\t\t\t\t\t\t\t<div class=\"elementor-spacer\">\n\t\t\t<div class=\"elementor-spacer-inner\"><\/div>\n\t\t<\/div>\n\t\t\t\t\t\t<\/div>\n\t\t\t\t<\/div>\n\t\t\t\t<div class=\"elementor-element elementor-element-7d97b551 elementor-hidden-phone elementor-invisible elementor-widget elementor-widget-rt-title\" data-id=\"7d97b551\" data-element_type=\"widget\" data-widget_type=\"rt-title.default\">\n\t\t\t\t<div class=\"elementor-widget-container\">\n\t\t\t\t\t<div class=\"section-default-style section-title-style3\">\n\t<div class=\"section-title-holder has-animation\">\t\n\t\t<div class=\"translate-bottom-50 opacity-animation transition-50 transition-delay-100\">\n\t\t\t<h2 class=\"rtin-title\"><\/h2>\n\t\t<\/div>\n\t\t<div class=\"translate-bottom-50 opacity-animation transition-50 transition-delay-600\">\n\t\t\t\t\t\t<div class=\"sub-title\"><div class=\"translate-bottom-50 opacity-animation transition-50 transition-delay-600\">\n<div class=\"sub-title\" style=\"text-align: center\"><span style=\"color: #000\">Eelbroneerimine v\u00f5imalik alates <span style=\"color: #da3f34\"><strong>1-p\u00e4evasest <\/strong><\/span>(24h) rendist, palun tutvuge hinnastusega <span style=\"text-decoration: underline;color: #4b849b\"><a style=\"color: #4b849b\" href=\"https:\/\/beast.rent\/et\/hinnad\/\" target=\"_blank\" rel=\"noopener\"><strong>siin<\/strong><\/a><\/span><\/div>\n<div style=\"text-align: center\"><\/div>\n<\/div><\/div>\n\t\t\t\t\t<\/div>\n\t\t<div class=\"translate-bottom-50 opacity-animation transition-50 transition-delay-1100\">\n\t\t\t\t\t\t<p class=\"sub-text\">P\u00e4rast info k\u00e4ttesaamist kinnitame saadavuse ja edastame ettemaksuarve ning verifitseerimislingi juhilubade kontrollimiseks.<\/p>\n\t\t\t\t\t<\/div>\n\t<\/div>\n<\/div>\t\t\t\t<\/div>\n\t\t\t\t<\/div>\n\t\t\t\t<div class=\"elementor-element elementor-element-77e72990 elementor-hidden-desktop elementor-hidden-tablet elementor-widget elementor-widget-text-editor\" data-id=\"77e72990\" data-element_type=\"widget\" data-widget_type=\"text-editor.default\">\n\t\t\t\t<div class=\"elementor-widget-container\">\n\t\t\t\t\t\t\t\t\t<div class=\"translate-bottom-50 opacity-animation transition-50 transition-delay-600\">\n<div class=\"sub-title\" style=\"text-align: center;\">Eelbroneerimine v\u00f5imalik alates <span style=\"color: #da3f34;\"><strong>1-p\u00e4evasest <\/strong><\/span>(24h) rendist, palun tutvuge hinnastusega <span style=\"text-decoration: underline; color: #4b849b;\"><a style=\"color: #4b849b;\" href=\"https:\/\/beast.rent\/et\/hinnad\/\" target=\"_blank\" rel=\"noopener\"><strong>siin<\/strong><\/a><\/span><\/div>\n<div style=\"text-align: center;\"><\/div>\n<\/div>\n<div class=\"translate-bottom-50 opacity-animation transition-50 transition-delay-1100\">\n<p class=\"sub-text\" style=\"text-align: center;\">P\u00e4rast info k\u00e4ttesaamist kinnitame saadavuse ja edastame ettemaksuarve ning verifitseerimislingi juhilubade kontrollimiseks.<\/p>\n\n<\/div>\t\t\t\t\t\t\t\t<\/div>\n\t\t\t\t<\/div>\n\t\t\t\t<div class=\"elementor-element elementor-element-4a1c3f9 elementor-button-align-stretch elementor-widget elementor-widget-form\" data-id=\"4a1c3f9\" data-element_type=\"widget\" data-settings=\"{&quot;step_next_label&quot;:&quot;Next&quot;,&quot;step_previous_label&quot;:&quot;Previous&quot;,&quot;button_width&quot;:&quot;100&quot;,&quot;step_type&quot;:&quot;number_text&quot;,&quot;step_icon_shape&quot;:&quot;circle&quot;}\" data-widget_type=\"form.default\">\n\t\t\t\t<div class=\"elementor-widget-container\">\n\t\t\t\t\t\t\t<form class=\"elementor-form\" method=\"post\" id=\"booking_form_et\" name=\"Beast Pre-Booking EN\">\n\t\t\t<input type=\"hidden\" name=\"post_id\" value=\"15617\"\/>\n\t\t\t<input type=\"hidden\" name=\"form_id\" value=\"4a1c3f9\"\/>\n\t\t\t<input type=\"hidden\" name=\"referer_title\" value=\"Beast Tesla Rent \u2013 Broneeri\" \/>\n\n\t\t\t\t\t\t\t<input type=\"hidden\" name=\"queried_id\" value=\"15617\"\/>\n\t\t\t\n\t\t\t<div class=\"elementor-form-fields-wrapper elementor-labels-above\">\n\t\t\t\t\t\t\t\t<div class=\"elementor-field-type-text elementor-field-group elementor-column elementor-field-group-name elementor-col-100 elementor-field-required elementor-mark-required\">\n\t\t\t\t\t\t\t\t\t\t\t\t<label for=\"form-field-name\" class=\"elementor-field-label\">\n\t\t\t\t\t\t\t\tEes- ja perekonnanimi\t\t\t\t\t\t\t<\/label>\n\t\t\t\t\t\t\t\t\t\t\t\t\t\t<input size=\"1\" type=\"text\" name=\"form_fields[name]\" id=\"form-field-name\" class=\"elementor-field elementor-size-md  elementor-field-textual\" placeholder=\"Sisestage oma t\u00e4isnimi\" required=\"required\">\n\t\t\t\t\t\t\t\t\t\t\t<\/div>\n\t\t\t\t\t\t\t\t<div class=\"elementor-field-type-email elementor-field-group elementor-column elementor-field-group-email elementor-col-100 elementor-field-required elementor-mark-required\">\n\t\t\t\t\t\t\t\t\t\t\t\t<label for=\"form-field-email\" class=\"elementor-field-label\">\n\t\t\t\t\t\t\t\tE-mail\t\t\t\t\t\t\t<\/label>\n\t\t\t\t\t\t\t\t\t\t\t\t\t\t<input size=\"1\" type=\"email\" name=\"form_fields[email]\" id=\"form-field-email\" class=\"elementor-field elementor-size-md  elementor-field-textual\" placeholder=\"Lisage siia oma e-maili aadress\" required=\"required\">\n\t\t\t\t\t\t\t\t\t\t\t<\/div>\n\t\t\t\t\t\t\t\t<div class=\"elementor-field-type-tel elementor-field-group elementor-column elementor-field-group-field_461cdd0 elementor-col-100 elementor-field-required elementor-mark-required\">\n\t\t\t\t\t\t\t\t\t\t\t\t<label for=\"form-field-field_461cdd0\" class=\"elementor-field-label\">\n\t\t\t\t\t\t\t\tKontaktnumber\t\t\t\t\t\t\t<\/label>\n\t\t\t\t\t\t\t\t<input size=\"1\" type=\"tel\" name=\"form_fields[field_461cdd0]\" id=\"form-field-field_461cdd0\" class=\"elementor-field elementor-size-md  elementor-field-textual\" placeholder=\"+372\" required=\"required\" pattern=\"[0-9()#&amp;+*-=.]+\" title=\"Only numbers and phone characters (#, -, *, etc) are accepted.\">\n\n\t\t\t\t\t\t<\/div>\n\t\t\t\t\t\t\t\t<div class=\"elementor-field-type-text elementor-field-group elementor-column elementor-field-group-field_0b3f5a1 elementor-col-100\">\n\t\t\t\t\t\t\t\t\t\t\t\t<label for=\"form-field-field_0b3f5a1\" class=\"elementor-field-label\">\n\t\t\t\t\t\t\t\tSoovite arvet ettev\u00f5ttele?\t\t\t\t\t\t\t<\/label>\n\t\t\t\t\t\t\t\t\t\t\t\t\t\t<input size=\"1\" type=\"text\" name=\"form_fields[field_0b3f5a1]\" id=\"form-field-field_0b3f5a1\" class=\"elementor-field elementor-size-md  elementor-field-textual\" placeholder=\"Kui jah, sisestage firma nimi &amp; KM kood (n\u00e4ide: Electric Beast Global O\u00dc, EE102389577)\">\n\t\t\t\t\t\t\t\t\t\t\t<\/div>\n\t\t\t\t\t\t\t\t<div class=\"elementor-field-type-select elementor-field-group elementor-column elementor-field-group-field_6cd2fd8 elementor-col-100 elementor-field-required elementor-mark-required\">\n\t\t\t\t\t\t\t\t\t\t\t\t<label for=\"form-field-field_6cd2fd8\" class=\"elementor-field-label\">\n\t\t\t\t\t\t\t\tSoovitud Beast\t\t\t\t\t\t\t<\/label>\n\t\t\t\t\t\t\t\t<div class=\"elementor-field elementor-select-wrapper remove-before \">\n\t\t\t<div class=\"select-caret-down-wrapper\">\n\t\t\t\t<svg aria-hidden=\"true\" class=\"e-font-icon-svg e-eicon-caret-down\" viewBox=\"0 0 571.4 571.4\" xmlns=\"http:\/\/www.w3.org\/2000\/svg\"><path d=\"M571 393Q571 407 561 418L311 668Q300 679 286 679T261 668L11 418Q0 407 0 393T11 368 36 357H536Q550 357 561 368T571 393Z\"><\/path><\/svg>\t\t\t<\/div>\n\t\t\t<select name=\"form_fields[field_6cd2fd8]\" id=\"form-field-field_6cd2fd8\" class=\"elementor-field-textual elementor-size-md\" required=\"required\">\n\t\t\t\t\t\t\t\t\t<option value=\"Tehke valik\">Tehke valik<\/option>\n\t\t\t\t\t\t\t\t\t<option value=\"Tesla Model 3 Standard Range\">Tesla Model 3 Standard Range<\/option>\n\t\t\t\t\t\t\t\t\t<option value=\"Tesla Model 3 Long Range\">Tesla Model 3 Long Range<\/option>\n\t\t\t\t\t\t\t\t\t<option value=\"Tesla Model Y Long Range (5-kohaline)\">Tesla Model Y Long Range (5-kohaline)<\/option>\n\t\t\t\t\t\t\t\t\t<option value=\"Tesla Model X Ludicrous Performance (6-kohaline)\">Tesla Model X Ludicrous Performance (6-kohaline)<\/option>\n\t\t\t\t\t\t\t<\/select>\n\t\t<\/div>\n\t\t\t\t\t\t<\/div>\n\t\t\t\t\t\t\t\t<div class=\"elementor-field-type-date elementor-field-group elementor-column elementor-field-group-field_55ca959 elementor-col-100 elementor-field-required elementor-mark-required\">\n\t\t\t\t\t\t\t\t\t\t\t\t<label for=\"form-field-field_55ca959\" class=\"elementor-field-label\">\n\t\t\t\t\t\t\t\tRendi alguse kuup\u00e4ev\t\t\t\t\t\t\t<\/label>\n\t\t\t\t\t\t\n\t\t<input type=\"date\" name=\"form_fields[field_55ca959]\" id=\"form-field-field_55ca959\" class=\"elementor-field elementor-size-md  elementor-field-textual elementor-date-field elementor-use-native\" placeholder=\"Kuup\u00e4ev\" required=\"required\" pattern=\"[0-9]{4}-[0-9]{2}-[0-9]{2}\">\n\t\t\t\t\t\t<\/div>\n\t\t\t\t\t\t\t\t<div class=\"elementor-field-type-time elementor-field-group elementor-column elementor-field-group-field_f3e0815 elementor-col-100 elementor-field-required elementor-mark-required\">\n\t\t\t\t\t\t\t\t\t\t\t\t<label for=\"form-field-field_f3e0815\" class=\"elementor-field-label\">\n\t\t\t\t\t\t\t\tRendi alguse kellaaeg\t\t\t\t\t\t\t<\/label>\n\t\t\t\t\t\t\t\t<input type=\"time\" name=\"form_fields[field_f3e0815]\" id=\"form-field-field_f3e0815\" class=\"elementor-field elementor-size-md  elementor-field-textual elementor-time-field\" required=\"required\">\n\t\t\t\t\t\t<\/div>\n\t\t\t\t\t\t\t\t<div class=\"elementor-field-type-date elementor-field-group elementor-column elementor-field-group-field_c18875b elementor-col-100 elementor-field-required elementor-mark-required\">\n\t\t\t\t\t\t\t\t\t\t\t\t<label for=\"form-field-field_c18875b\" class=\"elementor-field-label\">\n\t\t\t\t\t\t\t\tRendi l\u00f5pu kuup\u00e4ev\t\t\t\t\t\t\t<\/label>\n\t\t\t\t\t\t\n\t\t<input type=\"date\" name=\"form_fields[field_c18875b]\" id=\"form-field-field_c18875b\" class=\"elementor-field elementor-size-md  elementor-field-textual elementor-date-field elementor-use-native\" placeholder=\"Tagastamise kuup\u00e4ev ja kellaaeg\" required=\"required\" pattern=\"[0-9]{4}-[0-9]{2}-[0-9]{2}\">\n\t\t\t\t\t\t<\/div>\n\t\t\t\t\t\t\t\t<div class=\"elementor-field-type-time elementor-field-group elementor-column elementor-field-group-field_5ce35d4 elementor-col-100 elementor-field-required elementor-mark-required\">\n\t\t\t\t\t\t\t\t\t\t\t\t<label for=\"form-field-field_5ce35d4\" class=\"elementor-field-label\">\n\t\t\t\t\t\t\t\tRendi l\u00f5pu kellaaeg\t\t\t\t\t\t\t<\/label>\n\t\t\t\t\t\t\t\t<input type=\"time\" name=\"form_fields[field_5ce35d4]\" id=\"form-field-field_5ce35d4\" class=\"elementor-field elementor-size-md  elementor-field-textual elementor-time-field\" required=\"required\">\n\t\t\t\t\t\t<\/div>\n\t\t\t\t\t\t\t\t<div class=\"elementor-field-type-select elementor-field-group elementor-column elementor-field-group-field_3e08d68 elementor-col-100 elementor-field-required elementor-mark-required\">\n\t\t\t\t\t\t\t\t\t\t\t\t<label for=\"form-field-field_3e08d68\" class=\"elementor-field-label\">\n\t\t\t\t\t\t\t\tRendipunkt (k\u00e4ttesaamine ja tagastamine)\t\t\t\t\t\t\t<\/label>\n\t\t\t\t\t\t\t\t<div class=\"elementor-field elementor-select-wrapper remove-before \">\n\t\t\t<div class=\"select-caret-down-wrapper\">\n\t\t\t\t<svg aria-hidden=\"true\" class=\"e-font-icon-svg e-eicon-caret-down\" viewBox=\"0 0 571.4 571.4\" xmlns=\"http:\/\/www.w3.org\/2000\/svg\"><path d=\"M571 393Q571 407 561 418L311 668Q300 679 286 679T261 668L11 418Q0 407 0 393T11 368 36 357H536Q550 357 561 368T571 393Z\"><\/path><\/svg>\t\t\t<\/div>\n\t\t\t<select name=\"form_fields[field_3e08d68]\" id=\"form-field-field_3e08d68\" class=\"elementor-field-textual elementor-size-md\" required=\"required\">\n\t\t\t\t\t\t\t\t\t<option value=\"Tehke valik\">Tehke valik<\/option>\n\t\t\t\t\t\t\t\t\t<option value=\"Mustam\u00e4e \u2013 Mauruse Maja, aadress: A. H. Tammsaare tee 92\">Mustam\u00e4e \u2013 Mauruse Maja, aadress: A. H. Tammsaare tee 92<\/option>\n\t\t\t\t\t\t\t\t\t<option value=\"N\u00f5mme \u2013 J\u00e4rve Selver, aadress: P\u00e4rnu mnt 238\">N\u00f5mme \u2013 J\u00e4rve Selver, aadress: P\u00e4rnu mnt 238<\/option>\n\t\t\t\t\t\t\t\t\t<option value=\"Lasnam\u00e4e \u2013 Prisma Lasnam\u00e4e, aadress: Mustakivi tee 17\">Lasnam\u00e4e \u2013 Prisma Lasnam\u00e4e, aadress: Mustakivi tee 17<\/option>\n\t\t\t\t\t\t\t\t\t<option value=\"Kesklinn \u2013 Viru Sokos hotelli parkla, aadress: Viru v\u00e4ljak 4\">Kesklinn \u2013 Viru Sokos hotelli parkla, aadress: Viru v\u00e4ljak 4<\/option>\n\t\t\t\t\t\t\t\t\t<option value=\"P\u00f5hja-Tallinn \u2013 Telliskivi Loomelinnak, aadress: Telliskivi 60a\">P\u00f5hja-Tallinn \u2013 Telliskivi Loomelinnak, aadress: Telliskivi 60a<\/option>\n\t\t\t\t\t\t\t\t\t<option value=\"Haabersti \u2013 Rocca al Mare, aadress: Paldiski maantee 102\">Haabersti \u2013 Rocca al Mare, aadress: Paldiski maantee 102<\/option>\n\t\t\t\t\t\t\t\t\t<option value=\"\u00dclemiste \u2013 \u00dclemiste Keskus, aadress: Suur-S\u00f5jam\u00e4e 4\">\u00dclemiste \u2013 \u00dclemiste Keskus, aadress: Suur-S\u00f5jam\u00e4e 4<\/option>\n\t\t\t\t\t\t\t\t\t<option value=\"Pirita \u2013 Pirita Selver, aadress: Rummu tee 4\">Pirita \u2013 Pirita Selver, aadress: Rummu tee 4<\/option>\n\t\t\t\t\t\t\t\t\t<option value=\"M\u00e4\u00e4ran ise aadressi (Tallinna piires, lisatasu 30 \u20ac)\">M\u00e4\u00e4ran ise aadressi (Tallinna piires, lisatasu 30 \u20ac)<\/option>\n\t\t\t\t\t\t\t<\/select>\n\t\t<\/div>\n\t\t\t\t\t\t<\/div>\n\t\t\t\t\t\t\t\t<div class=\"elementor-field-type-text elementor-field-group elementor-column elementor-field-group-field_e23cd0e elementor-col-100\">\n\t\t\t\t\t\t\t\t\t\t\t\t<label for=\"form-field-field_e23cd0e\" class=\"elementor-field-label\">\n\t\t\t\t\t\t\t\tAadress k\u00e4ttesaamiseks ja tagastamiseks (Tallinna piires, lisatasu <b>30 \u20ac<\/b>)\t\t\t\t\t\t\t<\/label>\n\t\t\t\t\t\t\t\t\t\t\t\t\t\t<input size=\"1\" type=\"text\" name=\"form_fields[field_e23cd0e]\" id=\"form-field-field_e23cd0e\" class=\"elementor-field elementor-size-md  elementor-field-textual\" placeholder=\"Sisestage sobilik aadress, n\u00f5utud vaid juhul, kui valisite &quot;M\u00e4\u00e4ran ise aadressi&quot;\">\n\t\t\t\t\t\t\t\t\t\t\t<\/div>\n\t\t\t\t\t\t\t\t<div class=\"elementor-field-type-checkbox elementor-field-group elementor-column elementor-field-group-field_e2e9abc elementor-col-100\">\n\t\t\t\t\t\t\t\t\t\t\t\t<label for=\"form-field-field_e2e9abc\" class=\"elementor-field-label\">\n\t\t\t\t\t\t\t\tMis on rendi eesm\u00e4rk?\t\t\t\t\t\t\t<\/label>\n\t\t\t\t\t\t<div class=\"elementor-field-subgroup  \"><span class=\"elementor-field-option\"><input type=\"checkbox\" value=\"S\u00fcnnip\u00e4ev\" id=\"form-field-field_e2e9abc-0\" name=\"form_fields[field_e2e9abc][]\"> <label for=\"form-field-field_e2e9abc-0\">S\u00fcnnip\u00e4ev<\/label><\/span><span class=\"elementor-field-option\"><input type=\"checkbox\" value=\"Aastap\u00e4ev\" id=\"form-field-field_e2e9abc-1\" name=\"form_fields[field_e2e9abc][]\"> <label for=\"form-field-field_e2e9abc-1\">Aastap\u00e4ev<\/label><\/span><span class=\"elementor-field-option\"><input type=\"checkbox\" value=\"Pulmad\" id=\"form-field-field_e2e9abc-2\" name=\"form_fields[field_e2e9abc][]\"> <label for=\"form-field-field_e2e9abc-2\">Pulmad<\/label><\/span><span class=\"elementor-field-option\"><input type=\"checkbox\" value=\"Kokkutulek\" id=\"form-field-field_e2e9abc-3\" name=\"form_fields[field_e2e9abc][]\"> <label for=\"form-field-field_e2e9abc-3\">Kokkutulek<\/label><\/span><span class=\"elementor-field-option\"><input type=\"checkbox\" value=\"Spaa k\u00fclastus\" id=\"form-field-field_e2e9abc-4\" name=\"form_fields[field_e2e9abc][]\"> <label for=\"form-field-field_e2e9abc-4\">Spaa k\u00fclastus<\/label><\/span><span class=\"elementor-field-option\"><input type=\"checkbox\" value=\"Puhkus\" id=\"form-field-field_e2e9abc-5\" name=\"form_fields[field_e2e9abc][]\"> <label for=\"form-field-field_e2e9abc-5\">Puhkus<\/label><\/span><span class=\"elementor-field-option\"><input type=\"checkbox\" value=\"Turism\" id=\"form-field-field_e2e9abc-6\" name=\"form_fields[field_e2e9abc][]\"> <label for=\"form-field-field_e2e9abc-6\">Turism<\/label><\/span><span class=\"elementor-field-option\"><input type=\"checkbox\" value=\"\u00c4rikohtumised\" id=\"form-field-field_e2e9abc-7\" name=\"form_fields[field_e2e9abc][]\"> <label for=\"form-field-field_e2e9abc-7\">\u00c4rikohtumised<\/label><\/span><span class=\"elementor-field-option\"><input type=\"checkbox\" value=\"S\u00f5prade\/perekonna k\u00fclastamine\" id=\"form-field-field_e2e9abc-8\" name=\"form_fields[field_e2e9abc][]\"> <label for=\"form-field-field_e2e9abc-8\">S\u00f5prade\/perekonna k\u00fclastamine<\/label><\/span><span class=\"elementor-field-option\"><input type=\"checkbox\" value=\"\u00dcritus (kontsert, festival jms)\" id=\"form-field-field_e2e9abc-9\" name=\"form_fields[field_e2e9abc][]\"> <label for=\"form-field-field_e2e9abc-9\">\u00dcritus (kontsert, festival jms)<\/label><\/span><span class=\"elementor-field-option\"><input type=\"checkbox\" value=\"Lihtsalt l\u00f5bu p\u00e4rast\" id=\"form-field-field_e2e9abc-10\" name=\"form_fields[field_e2e9abc][]\"> <label for=\"form-field-field_e2e9abc-10\">Lihtsalt l\u00f5bu p\u00e4rast<\/label><\/span><span class=\"elementor-field-option\"><input type=\"checkbox\" value=\"Muu\" id=\"form-field-field_e2e9abc-11\" name=\"form_fields[field_e2e9abc][]\"> <label for=\"form-field-field_e2e9abc-11\">Muu<\/label><\/span><\/div>\t\t\t\t<\/div>\n\t\t\t\t\t\t\t\t<div class=\"elementor-field-type-checkbox elementor-field-group elementor-column elementor-field-group-field_61bf42d elementor-col-100\">\n\t\t\t\t\t\t\t\t\t\t\t\t<label for=\"form-field-field_61bf42d\" class=\"elementor-field-label\">\n\t\t\t\t\t\t\t\tKas vajate midagi j\u00e4rgnevast valikust? (<strong>Lisatasusid ei rakendu<\/strong>)\t\t\t\t\t\t\t<\/label>\n\t\t\t\t\t\t<div class=\"elementor-field-subgroup  \"><span class=\"elementor-field-option\"><input type=\"checkbox\" value=\"Laste turvatool (m\u00f5eldud lastele 9-36 kg)\" id=\"form-field-field_61bf42d-0\" name=\"form_fields[field_61bf42d][]\"> <label for=\"form-field-field_61bf42d-0\">Laste turvatool (m\u00f5eldud lastele 9-36 kg)<\/label><\/span><span class=\"elementor-field-option\"><input type=\"checkbox\" value=\"Lemmiklooma transpordipuur, suurus S\/M  50x76x48 cm\" id=\"form-field-field_61bf42d-1\" name=\"form_fields[field_61bf42d][]\"> <label for=\"form-field-field_61bf42d-1\">Lemmiklooma transpordipuur, suurus S\/M  50x76x48 cm<\/label><\/span><span class=\"elementor-field-option\"><input type=\"checkbox\" value=\"Lemmiklooma transpordipuur, suurus L\/XL  61x91x58 cm\" id=\"form-field-field_61bf42d-2\" name=\"form_fields[field_61bf42d][]\"> <label for=\"form-field-field_61bf42d-2\">Lemmiklooma transpordipuur, suurus L\/XL  61x91x58 cm<\/label><\/span><\/div>\t\t\t\t<\/div>\n\t\t\t\t\t\t\t\t<div class=\"elementor-field-type-textarea elementor-field-group elementor-column elementor-field-group-message elementor-col-100\">\n\t\t\t\t\t\t\t\t\t\t\t\t<label for=\"form-field-message\" class=\"elementor-field-label\">\n\t\t\t\t\t\t\t\tLisainfo\t\t\t\t\t\t\t<\/label>\n\t\t\t\t\t\t<textarea class=\"elementor-field-textual elementor-field  elementor-size-md\" name=\"form_fields[message]\" id=\"form-field-message\" rows=\"4\" placeholder=\"Oluline lisateave ja k\u00fcsimused \u2013 ei ole kohustuslik v\u00e4li\"><\/textarea>\t\t\t\t<\/div>\n\t\t\t\t\t\t\t\t<div class=\"elementor-field-type-acceptance elementor-field-group elementor-column elementor-field-group-field_3daa15c elementor-col-100 elementor-field-required elementor-mark-required\">\n\t\t\t\t\t\t\t\t\t\t\t\t<label for=\"form-field-field_3daa15c\" class=\"elementor-field-label\">\n\t\t\t\t\t\t\t\tEnne broneerimist on oluline lugeda, m\u00f5ista ning n\u00f5ustuda tingimustega\t\t\t\t\t\t\t<\/label>\n\t\t\t\t\t\t\t\t<div class=\"elementor-field-subgroup\">\n\t\t\t<span class=\"elementor-field-option\">\n\t\t\t\t<input type=\"checkbox\" name=\"form_fields[field_3daa15c]\" id=\"form-field-field_3daa15c\" class=\"elementor-field elementor-size-md  elementor-acceptance-field\" required=\"required\">\n\t\t\t\t<label for=\"form-field-field_3daa15c\">Olen lugenud ja n\u00f5ustun Electric Beast Global O\u00dc <strong><a href=\"https:\/\/beast.rent\/wp-content\/uploads\/2022\/02\/Electric-Beast-Global-Soidukite-rentimise-ja-teenuste-osutamise-tingimused-ET-2022.pdf\" target=\"_blank\" rel=\"noreferrer noopener\"><u>renditingimustega<\/u><\/a><\/strong><\/label>\t\t\t<\/span>\n\t\t<\/div>\n\t\t\t\t\t\t<\/div>\n\t\t\t\t\t\t\t\t<div class=\"elementor-field-group elementor-column elementor-field-type-submit elementor-col-100 e-form__buttons\">\n\t\t\t\t\t<button class=\"elementor-button elementor-size-sm elementor-animation-shrink\" type=\"submit\">\n\t\t\t\t\t\t<span class=\"elementor-button-content-wrapper\">\n\t\t\t\t\t\t\t\t\t\t\t\t\t\t\t\t\t\t\t\t\t\t<span class=\"elementor-button-text\">Broneeri<\/span>\n\t\t\t\t\t\t\t\t\t\t\t\t\t<\/span>\n\t\t\t\t\t<\/button>\n\t\t\t\t<\/div>\n\t\t\t<\/div>\n\t\t<\/form>\n\t\t\t\t\t\t<\/div>\n\t\t\t\t<\/div>\n\t\t\t\t<div class=\"elementor-element elementor-element-360bfc6a elementor-widget elementor-widget-spacer\" data-id=\"360bfc6a\" data-element_type=\"widget\" data-widget_type=\"spacer.default\">\n\t\t\t\t<div class=\"elementor-widget-container\">\n\t\t\t\t\t\t\t<div class=\"elementor-spacer\">\n\t\t\t<div class=\"elementor-spacer-inner\"><\/div>\n\t\t<\/div>\n\t\t\t\t\t\t<\/div>\n\t\t\t\t<\/div>\n\t\t\t\t\t<\/div>\n\t\t<\/div>\n\t\t\t\t\t<\/div>\n\t\t<\/section>\n\t\t\t\t<\/div>\n\t\t","protected":false},"excerpt":{"rendered":"<p>Broneeri hilisemaks Eelbroneerimine v\u00f5imalik alates 1-p\u00e4evasest (24h) rendist, palun tutvuge hinnastusega siin P\u00e4rast info k\u00e4ttesaamist kinnitame saadavuse ja edastame ettemaksuarve ning verifitseerimislingi juhilubade kontrollimiseks. Eelbroneerimine v\u00f5imalik alates 1-p\u00e4evasest (24h) rendist, palun tutvuge hinnastusega siin P\u00e4rast info k\u00e4ttesaamist kinnitame saadavuse ja edastame ettemaksuarve ning verifitseerimislingi juhilubade kontrollimiseks.<\/p>\n","protected":false},"author":172,"featured_media":0,"parent":0,"menu_order":84,"comment_status":"closed","ping_status":"closed","template":"","meta":{"footnotes":""},"class_list":["post-15617","page","type-page","status-publish","hentry"],"aioseo_notices":[],"_links":{"self":[{"href":"https:\/\/beast.rent\/et\/wp-json\/wp\/v2\/pages\/15617","targetHints":{"allow":["GET"]}}],"collection":[{"href":"https:\/\/beast.rent\/et\/wp-json\/wp\/v2\/pages"}],"about":[{"href":"https:\/\/beast.rent\/et\/wp-json\/wp\/v2\/types\/page"}],"author":[{"embeddable":true,"href":"https:\/\/beast.rent\/et\/wp-json\/wp\/v2\/users\/172"}],"replies":[{"embeddable":true,"href":"https:\/\/beast.rent\/et\/wp-json\/wp\/v2\/comments?post=15617"}],"version-history":[{"count":3,"href":"https:\/\/beast.rent\/et\/wp-json\/wp\/v2\/pages\/15617\/revisions"}],"predecessor-version":[{"id":18353,"href":"https:\/\/beast.rent\/et\/wp-json\/wp\/v2\/pages\/15617\/revisions\/18353"}],"wp:attachment":[{"href":"https:\/\/beast.rent\/et\/wp-json\/wp\/v2\/media?parent=15617"}],"curies":[{"name":"wp","href":"https:\/\/api.w.org\/{rel}","templated":true}]}}